{"id":2,"date":"2009-05-07T23:09:30","date_gmt":"2009-05-07T21:09:30","guid":{"rendered":"http:\/\/myislands\/?page_id=2"},"modified":"2025-10-05T00:28:12","modified_gmt":"2025-10-04T22:28:12","slug":"info","status":"publish","type":"page","link":"https:\/\/www.myislands.pl\/?page_id=2","title":{"rendered":"O mnie"},"content":{"rendered":"<p><img decoding=\"async\" src=\"http:\/\/myislands.home.pl\/wp-content\/uploads\/2009\/05\/tomasz_szefler.jpg\" alt=\"Tomasz Szefler\" \/><\/p>\n<p>Tomasz Szefler<br \/>\nAutor fotografii na myislands.pl<br \/>\nZafascynowany egzotycznymi wyspami podr\u00f3\u017cnik, kt\u00f3ry dzi\u0119ki pasji i determinacji odwiedzi\u0142 ju\u017c ponad 250 wysp na \u015bwiecie.<br \/>\nZ ka\u017cdej wyprawy, opr\u00f3cz wspomnie\u0144, przywozi przepi\u0119kne fotografie, na kt\u00f3rych uwiecznia natur\u0119, krajobrazy i spotkanych ludzi. Jest wnikliwym obserwatorem rzeczywisto\u015bci podziwiaj\u0105cym odmienno\u015bci kulturowe.<br \/>\nNajpe\u0142niej opisuje go \u017cyciowe motto:<br \/>\n<em>\u201cZa dwadzie\u015bcia lat b\u0119dziesz bardziej rozczarowany rzeczami, kt\u00f3rych nie zrobi\u0142e\u015b ni\u017c tymi, kt\u00f3re zrobi\u0142e\u015b. Odrzu\u0107 zatem cumy. Odp\u0142y\u0144 z bezpiecznej zatoki. Z\u0142ap sta\u0142y wiatr w \u017cagle. Eksploruj. Miej marzenia. Odkrywaj.\u201d<\/em> (Mark Twain)<\/p>\n<h3>Napisz do mnie<\/h3>\n\n<div class=\"wpcf7 no-js\" id=\"wpcf7-f5806-o1\" lang=\"en-US\" dir=\"ltr\" data-wpcf7-id=\"5806\">\n<div class=\"screen-reader-response\"><p role=\"status\" aria-live=\"polite\" aria-atomic=\"true\"><\/p> <ul><\/ul><\/div>\n<form action=\"\/index.php?rest_route=%2Fwp%2Fv2%2Fpages%2F2#wpcf7-f5806-o1\" method=\"post\" class=\"wpcf7-form init\" aria-label=\"Contact form\" novalidate=\"novalidate\" data-status=\"init\">\n<fieldset class=\"hidden-fields-container\"><input type=\"hidden\" name=\"_wpcf7\" value=\"5806\" \/><input type=\"hidden\" name=\"_wpcf7_version\" value=\"6.1.5\" \/><input type=\"hidden\" name=\"_wpcf7_locale\" value=\"en_US\" \/><input type=\"hidden\" name=\"_wpcf7_unit_tag\" value=\"wpcf7-f5806-o1\" \/><input type=\"hidden\" name=\"_wpcf7_container_post\" value=\"0\" \/><input type=\"hidden\" name=\"_wpcf7_posted_data_hash\" value=\"\" \/><input type=\"hidden\" name=\"_wpcf7_recaptcha_response\" value=\"\" \/>\n<\/fieldset>\n<p>Twoje imi\u0119<br \/>\n<span class=\"wpcf7-form-control-wrap\" data-name=\"your-name\"><input size=\"40\" maxlength=\"400\" class=\"wpcf7-form-control wpcf7-text wpcf7-validates-as-required\" aria-required=\"true\" aria-invalid=\"false\" value=\"\" type=\"text\" name=\"your-name\" \/><\/span>\n<\/p>\n<p>E-mail\n<\/p>\n<p><span class=\"wpcf7-form-control-wrap\" data-name=\"your-email\"><input size=\"40\" maxlength=\"400\" class=\"wpcf7-form-control wpcf7-email wpcf7-validates-as-required wpcf7-text wpcf7-validates-as-email\" aria-required=\"true\" aria-invalid=\"false\" value=\"\" type=\"email\" name=\"your-email\" \/><\/span>\n<\/p>\n<p>Wiadomo\u015b\u0107\n<\/p>\n<p><span class=\"wpcf7-form-control-wrap\" data-name=\"your-message\"><textarea cols=\"35\" rows=\"5\" maxlength=\"2000\" class=\"wpcf7-form-control wpcf7-textarea wpcf7-validates-as-required\" aria-required=\"true\" aria-invalid=\"false\" name=\"your-message\"><\/textarea><\/span>\n<\/p>\n<p><div class=\"cf7-cf-turnstile\" style=\"margin-top: 0px; margin-bottom: -15px;\"> <div id=\"cf-turnstile-cf7-252002539\" class=\"cf-turnstile\" data-sitekey=\"0x4AAAAAABl9s8Mi4GMw-3ND\" data-theme=\"light\" data-language=\"auto\" data-size=\"normal\" data-retry=\"auto\" data-retry-interval=\"1000\" data-refresh-expired=\"auto\" data-action=\"contact-form-7\" data-appearance=\"always\"><\/div> <script>document.addEventListener(\"DOMContentLoaded\", function() { setTimeout(function(){ var e=document.getElementById(\"cf-turnstile-cf7-252002539\"); e&&!e.innerHTML.trim()&&(turnstile.remove(\"#cf-turnstile-cf7-252002539\"), turnstile.render(\"#cf-turnstile-cf7-252002539\", {sitekey:\"0x4AAAAAABl9s8Mi4GMw-3ND\"})); }, 100); });<\/script> <br class=\"cf-turnstile-br cf-turnstile-br-cf7-252002539\"> <style>#cf-turnstile-cf7-252002539 { margin-left: -15px; }<\/style> <script>document.addEventListener(\"DOMContentLoaded\",function(){document.querySelectorAll('.wpcf7-form').forEach(function(e){e.addEventListener('submit',function(){if(document.getElementById('cf-turnstile-cf7-252002539')){setTimeout(function(){turnstile.reset('#cf-turnstile-cf7-252002539');},1000)}})})});<\/script> <\/div><br\/><input class=\"wpcf7-form-control wpcf7-submit has-spinner\" type=\"submit\" value=\"Wy\u015blij\" \/>\n<\/p><div class=\"wpcf7-response-output\" aria-hidden=\"true\"><\/div>\n<\/form>\n<\/div>\n\n","protected":false},"excerpt":{"rendered":"<p>Tomasz Szefler Autor fotografii na myislands.pl Zafascynowany egzotycznymi wyspami podr\u00f3\u017cnik, kt\u00f3ry dzi\u0119ki pasji i determinacji odwiedzi\u0142 ju\u017c ponad 250 wysp na \u015bwiecie. Z ka\u017cdej wyprawy, opr\u00f3cz wspomnie\u0144, przywozi przepi\u0119kne fotografie, na kt\u00f3rych uwiecznia natur\u0119, krajobrazy i spotkanych ludzi. Jest wnikliwym obserwatorem rzeczywisto\u015bci podziwiaj\u0105cym odmienno\u015bci kulturowe. Najpe\u0142niej opisuje go \u017cyciowe motto: \u201cZa dwadzie\u015bcia lat b\u0119dziesz bardziej [&hellip;]<\/p>\n","protected":false},"author":1,"featured_media":0,"parent":0,"menu_order":0,"comment_status":"closed","ping_status":"closed","template":"","meta":{"footnotes":""},"class_list":["post-2","page","type-page","status-publish","hentry"],"_links":{"self":[{"href":"https:\/\/www.myislands.pl\/index.php?rest_route=\/wp\/v2\/pages\/2","targetHints":{"allow":["GET"]}}],"collection":[{"href":"https:\/\/www.myislands.pl\/index.php?rest_route=\/wp\/v2\/pages"}],"about":[{"href":"https:\/\/www.myislands.pl\/index.php?rest_route=\/wp\/v2\/types\/page"}],"author":[{"embeddable":true,"href":"https:\/\/www.myislands.pl\/index.php?rest_route=\/wp\/v2\/users\/1"}],"replies":[{"embeddable":true,"href":"https:\/\/www.myislands.pl\/index.php?rest_route=%2Fwp%2Fv2%2Fcomments&post=2"}],"version-history":[{"count":47,"href":"https:\/\/www.myislands.pl\/index.php?rest_route=\/wp\/v2\/pages\/2\/revisions"}],"predecessor-version":[{"id":10763,"href":"https:\/\/www.myislands.pl\/index.php?rest_route=\/wp\/v2\/pages\/2\/revisions\/10763"}],"wp:attachment":[{"href":"https:\/\/www.myislands.pl\/index.php?rest_route=%2Fwp%2Fv2%2Fmedia&parent=2"}],"curies":[{"name":"wp","href":"https:\/\/api.w.org\/{rel}","templated":true}]}}