{"id":8,"date":"2009-05-09T09:58:46","date_gmt":"2009-05-09T07:58:46","guid":{"rendered":"http:\/\/myislands\/?page_id=8"},"modified":"2026-03-20T12:06:56","modified_gmt":"2026-03-20T10:06:56","slug":"moje-wyspy","status":"publish","type":"page","link":"https:\/\/www.myislands.pl\/?page_id=8","title":{"rendered":"Moje wyspy"},"content":{"rendered":"<h3>2026<\/h3>\n<ol>\n<li><a href=\"?p=10816\">Nowa Brytania, Papua Nowa Gwinea<\/a><\/li>\n<li><a href=\"?p=11334\">Lissenug, Papua Nowa Gwinea<\/a><\/li>\n<\/ol>\n<h3>2025<\/h3>\n<ol>\n<li><a href=\"?p=10609\">Sokotra<\/a><\/li>\n<li><a href=\"?p=10575\">Dominika, Wyspy Nawietrzne<\/a><\/li>\n<li><a href=\"?p=10609\">Gwadelupa<\/a><\/li>\n<li><a href=\"?p=10765\">Lord Howe, Australia<\/a><\/li>\n<li><a href=\"?p=10778\">Norfolk, Australia<\/a><\/li>\n<li><a href=\"?p=10784\">Samarai, Papua Nowa Gwinea<\/a><\/li>\n<li><a href=\"?p=10789\">Dobu, Papua Nowa Gwinea<\/a><\/li>\n<li><a href=\"?p=10794\">Wyspy Trobrianda, Papua Nowa Gwinea<\/a><\/li>\n<li><a href=\"?p=10800\">Wioska Buna, Papua Nowa Gwinea<\/a><\/li>\n<li><a href=\"?p=10804\">Wioska Mou, Papua Nowa Gwinea<\/a><\/li>\n<li><a href=\"?p=10812\">Wioska Gingala, Papua Nowa Gwinea<\/a><\/li>\n<\/ol>\n<h3>2024<\/h3>\n<ol>\n<li><a href=\"?p=9657\">Zanzibar IV, Tanzania<\/a><\/li>\n<li><a href=\"?p=9991\">Wyspa \u015awi\u0119tej Heleny<\/a><\/li>\n<li><a href=\"?p=10090\">Taveuni, Fid\u017ci<\/a><\/li>\n<li><a href=\"?p=10048\">Beqa, Fid\u017ci<\/a><\/li>\n<li><a href=\"?p=10132\">Efate, Vanuatu<\/a><\/li>\n<li><a href=\"?p=10186\">Tahiti, Wyspy Towarzystwa<\/a><\/li>\n<li><a href=\"?p=10285\">Rimatara, Wyspy Australskie<\/a><\/li>\n<li><a href=\"?p=10218\">Rurutu, Wyspy Australskie<\/a><\/li>\n<li><a href=\"?p=10262\">Rapa, Wyspy Australskie<\/a><\/li>\n<li><a href=\"?p=10347\">Tubuai, Wyspy Australskie<\/a><\/li>\n<li><a href=\"?p=10379\">Rangiroa, Tuamotu<\/a><\/li>\n<li><a href=\"?p=10463\">Motu Tavararo, Tuamotu<\/a><\/li>\n<li><a href=\"?p=10432\">Tikehau, Tuamotu<\/a><\/li>\n<li><a href=\"?p=10508\">Mafia X, Tanzania<\/a><\/li>\n<\/ol>\n<h3>2023<\/h3>\n<ol>\n<li><a href=\"?p=9640\">Anguilla, Ma\u0142e Antyle<\/a><\/li>\n<li><a href=\"?p=9615\">Tortola, Ma\u0142e Antyle<\/a><\/li>\n<li><a href=\"?p=9579\">Saint Martin, Ma\u0142e Antyle<\/a><\/li>\n<li><a href=\"?p=9558\">Mboko Nimbeti Island, Florida Islands, Wyspy Salomona<\/a><\/li>\n<li><a href=\"?p=9534\">Hae Island, Wyspy Salomona<\/a><\/li>\n<li><a href=\"?p=9499\">Mbanika Island, Wyspy Russella, Wyspy Salomona<\/a><\/li>\n<li><a href=\"?p=9471\">Koemurun Island, Wyspy Russella, Wyspy Salomona<\/a><\/li>\n<li><a href=\"?p=9441\">Leru Island, Wyspy Russella, Wyspy Salomona<\/a><\/li>\n<li><a href=\"?p=9414\">Nggatokae Island, Wyspy Salomona<\/a><\/li>\n<li><a href=\"?p=9391\">Skull Island, Wyspy Salomona<\/a><\/li>\n<li><a href=\"?p=9378\">Kohinggo Island, Wyspy Salomona<\/a><\/li>\n<li><a href=\"?p=9363\">Babanga Island, Wyspy Salomona<\/a><\/li>\n<li><a href=\"?p=9344\">Sosomboeke Island, Wyspy Salomona<\/a><\/li>\n<li><a href=\"?p=9330\">Nggatokae Island, Wyspy Salomona<\/a><\/li>\n<li><a href=\"?p=9295\">New Georgia Island, Wyspy Salomona<\/a><\/li>\n<li><a href=\"?p=9255\">Mbulo Island, Wyspy Salomona<\/a><\/li>\n<li><a href=\"?p=9242\">Mborokua Island, Wyspy Salomona<\/a><\/li>\n<li><a href=\"?p=9226\">Kicha Island, Wyspy Salomona<\/a><\/li>\n<li><a href=\"?p=9140\">Mane Island, Wyspy Salomona<\/a><\/li>\n<li><a href=\"?p=9116\">Gudalcanal, Wyspy Salomona<\/a><\/li>\n<li><a href=\"?p=9098\">Viti Levu, Fid\u017ci<\/a><\/li>\n<\/ol>\n<h3>2022<\/h3>\n<ol>\n<li><a href=\"?p=9036\">Half Moon Caye, Belize<\/a><\/li>\n<li><a href=\"?p=9014\">Turneffe Atoll, Belize<\/a><\/li>\n<li><a href=\"?p=8992\">Tower, Galapagos<\/a><\/li>\n<li><a href=\"?p=8977\">Floreana, Galapagos<\/a><\/li>\n<li><a href=\"?p=8947\">Hood, Galapagos<\/a><\/li>\n<li><a href=\"?p=8925\">San Cristobal, Galapagos<\/a><\/li>\n<li><a href=\"?p=8885\">South Plaza, Galapagos<\/a><\/li>\n<li><a href=\"?p=8818\">Fernardina, Galapagos<\/a><\/li>\n<li><a href=\"?p=8773\">Santa Cruz, Galapagos<\/a><\/li>\n<li><a href=\"?p=8802\">Isabela, Galapagos<\/a><\/li>\n<li><a href=\"?p=8759\">Quito, Ekwador<\/a><\/li>\n<\/ol>\n<h3>2019<\/h3>\n<ol>\n<li><a href=\"?p=8077\">Aitutaki, Wyspy Cooka<\/a><\/li>\n<li><a href=\"?p=8204\">Rarotonga, Wyspy Cooka<\/a><\/li>\n<li><a href=\"?p=8154\">Niue<\/a><\/li>\n<li><a href=\"?p=8128\">Atata, Tonga<\/a><\/li>\n<li><a href=\"?p=8013\">Vava\u02bbu, Tonga<\/a><\/li>\n<li><a href=\"?p=7971\">Tongatapu, Tonga<\/a><\/li>\n<\/ol>\n<h3>2018<\/h3>\n<ol>\n<li><a href=\"?p=7950\">Mafia IX, Tanzania<\/a><\/li>\n<\/ol>\n<h3>2017<\/h3>\n<ol>\n<li><a href=\"?p=7889\">Alor I, Indonezja, Ma\u0142e Wyspy Sundajskie<\/a><\/li>\n<li><a href=\"?p=7888\">Lembata II, Indonezja, Ma\u0142e Wyspy Sundajskie<\/a><\/li>\n<li><a href=\"?p=7876\">Nailaka, Indonezja<\/a><\/li>\n<li><a href=\"?p=7838\">Banda Neira, Indonezja<\/a><\/li>\n<li><a href=\"?p=7822\">Pulau Arborek, Indonezja, Papua Zachodnia<\/a><\/li>\n<\/ol>\n<h3>2016<\/h3>\n<ol>\n<li><a href=\"?p=7750\">Mafia VI, Tanzania<\/a><\/li>\n<li><a href=\"?p=7783\">Mafia VII, Tanzania<\/a><\/li>\n<\/ol>\n<h3>2015<\/h3>\n<ol>\n<li><a href=\"?p=7666\">Tristan da Cunha<\/a><\/li>\n<li><a href=\"?p=7598\">Bwejuu Island II, Tanzania<\/a><\/li>\n<li><a href=\"?p=7646\">Jibondo II, Tanzania<\/a><\/li>\n<li><a href=\"?p=7599\">Mafia V, Tanzania<\/a><\/li>\n<\/ol>\n<h3>2014<\/h3>\n<ol>\n<li><a href=\"?p=7440\">Karimunjava, Indonezja<\/a><\/li>\n<li><a href=\"?p=7504\">Cemara Besar Island, Indonezja<\/a><\/li>\n<li><a href=\"?p=7530\">Menjawakan, Indonezja<\/a><\/li>\n<li><a href=\"?p=7437\">Nyaung Oo Phee, Myanmar<\/a><\/li>\n<li><a href=\"?p=7406\">Macleod, Myanmar<\/a><\/li>\n<li><a href=\"?p=7182\">Kyung Su, Myanmar<\/a><\/li>\n<\/ol>\n<h3>2013<\/h3>\n<ol>\n<li><a href=\"?p=7000\">Flores, Ma\u0142e Wyspy Sundajskie<\/a><\/li>\n<li><a href=\"?p=6491\">Adonara, Ma\u0142e Wyspy Sundajskie<\/a><\/li>\n<li><a href=\"?p=6979\">Pulau Komba, Ma\u0142e Wyspy Sundajskie<\/a><\/li>\n<li><a href=\"?p=7360\">Lembata, Ma\u0142e Wyspy Sundajskie<\/a><\/li>\n<li><a href=\"?p=7048\">Pulau Pantar, Ma\u0142e Wyspy Sundajskie<\/a><\/li>\n<li><a href=\"?p=6535\">Pulau Alor, Ma\u0142e Wyspy Sundajskie<\/a><\/li>\n<li><a href=\"?p=6937\">Pulau Wetar, Moluki<\/a><\/li>\n<li><a href=\"?p=6887\">Pulau Reong, Moluki<\/a><\/li>\n<li><a href=\"?p=7262\">Pulau Romang, Moluki<\/a><\/li>\n<li><a href=\"?p=7224\">Pulau Nyata, Moluki<\/a><\/li>\n<li><a href=\"?p=7109\">Pulau Moa, Moluki<\/a><\/li>\n<li><a href=\"?p=7266\">Pulau Sermata, Moluki<\/a><\/li>\n<li><a href=\"?p=6579\">Pulau Damar, Moluki<\/a><\/li>\n<li><a href=\"?p=7327\">Pulau Terbang Utara, Moluki<\/a><\/li>\n<li><a href=\"?p=7307\">Pulau Terbang Selatan, Moluki<\/a><\/li>\n<li><a href=\"?p=6854\">Pulau Luang, Moluki<\/a><\/li>\n<li><a href=\"?p=7156\">Pulau Teun, Moluki<\/a><\/li>\n<li><a href=\"?p=7208\">Pulau Kyabrengan, Moluki<\/a><\/li>\n<li><a href=\"?p=6832\">Kai Kecil, Moluki<\/a><\/li>\n<li><a href=\"?p=6617\">Mafia IV<\/a><\/li>\n<li><a href=\"?p=6757\">Miewi<\/a><\/li>\n<li><a href=\"?p=6750\">Nyororo<\/a><\/li>\n<li><a href=\"?p=6734\">Mbarakuni<\/a><\/li>\n<li><a href=\"?p=6371\">Wyspa Wniebowst\u0105pienia<\/a><\/li>\n<li><a href=\"?p=6230\">Shungumbili, Tanzania<\/a><\/li>\n<li><a href=\"?p=6196\">Mafia III, Tanzania<\/a><\/li>\n<li><a href=\"?p=6199\">Okuza, Tanzania<\/a><\/li>\n<\/ol>\n<h3>2012<\/h3>\n<ol>\n<li><a href=\"?p=6148\">Santa Carolina, Bazaruto<\/a><\/li>\n<li><a href=\"?p=6137\">Pancy, Bazaruto<\/a><\/li>\n<li><a href=\"?p=6111\">Magaruque, Bazaruto<\/a><\/li>\n<li><a href=\"?p=6002\">Benguerra, Bazaruto<\/a><\/li>\n<li><a href=\"?p=5858\">Baratang, Andamany i Nikobary<\/a><\/li>\n<li><a href=\"?p=5902\">Jolly Buoy, Andamany i Nikobary<\/a><\/li>\n<li><a href=\"?p=5808\">Andaman Po\u0142udniowy, Andamany i Nikobary<\/a><\/li>\n<li><a href=\"?p=5917\">Havelock, Andamany i Nikobary<\/a><\/li>\n<\/ol>\n<h3>2011<\/h3>\n<ol>\n<li><a href=\"?p=5786\">Bwejuu Island, Tanzania<\/a><\/li>\n<li><a href=\"?p=5598\">Mafia II, Tanzania<\/a><\/li>\n<li><a href=\"?p=5786\">Malediwy, Malediwy<\/a><\/li>\n<li><a href=\"?p=5062\">Anjouan, Komory<\/a><\/li>\n<li><a href=\"?p=5057\">Moh\u00e9li, Komory<\/a><\/li>\n<li><a href=\"?p=5066\">Wielki Komor, Komory<\/a><\/li>\n<\/ol>\n<h3>2010<\/h3>\n<ol>\n<li><a href=\"?p=4797\">Raja Ampat II, Papua Zachodnia, Indonezja<\/a><\/li>\n<li><a href=\"?p=4916\">Raja Ampat I, Papua Zachodnia, Indonezja<\/a><\/li>\n<li><a href=\"?p=4614\">Pate II, Kenia<\/a><\/li>\n<li><a href=\"?p=4523\">Lamu II, Kenia<\/a><\/li>\n<li><a href=\"?p=4647\">Elephant Island, Kenia<\/a><\/li>\n<li><a href=\"?p=4675\">Ngazin Island, Kenia<\/a><\/li>\n<li><a href=\"?p=4678\">Kiwayu Island, Kenia<\/a><\/li>\n<li><a href=\"?p=4705\">Kiwayu, Kenia<\/a><\/li>\n<li><a href=\"?p=4371\">Bissau, Gwinea Bissau<\/a><\/li>\n<li><a href=\"?p=4357\">Ilheu do Meio, Bijagos, Gwinea Bissau<\/a><\/li>\n<li><a href=\"?p=4342\">Ilha Joao Vieira, Bijagos, Gwinea Bissau<\/a><\/li>\n<li><a href=\"?p=4317\">Ilha dos Cavalos, Bijagos, Gwinea Bissau<\/a><\/li>\n<li><a href=\"?p=4296\">Ilha de Orangozinho, Bijagos, Gwinea Bissau<\/a><\/li>\n<li><a href=\"?p=4275\">Ilha de Cabras, Bijagos, Gwinea Bissau<\/a><\/li>\n<li><a href=\"?p=4196\">Ilha de Roxa, Bijagos, Gwinea Bissau<\/a><\/li>\n<li><a href=\"?p=4190\">Rejs na Bijagos, Gwinea Bissau<\/a><\/li>\n<li><a href=\"?p=4100\">Pate I, Kenia<\/a><\/li>\n<li><a href=\"?p=4076\">Lamu I, Kenia<\/a><\/li>\n<li><a href=\"?p=4083\">Manda, Kenia<\/a><\/li>\n<li><a href=\"?p=3822\">Zanzibar III, Tanzania<\/a><\/li>\n<\/ol>\n<h3>2009<\/h3>\n<ol>\n<li><a href=\"?p=3665\">Mafia, Tanzania<\/a><\/li>\n<li><a href=\"?p=3744\">Juani, Tanzania<\/a><\/li>\n<li><a href=\"?p=3611\">Jibondo Island, Tanzania<\/a><\/li>\n<li><a href=\"?p=3588\">Chole Island, Tanzania<\/a><\/li>\n<li><a href=\"?p=3756\">Rezerwat Selous, Tanzania<\/a><\/li>\n<li><a href=\"?p=2207\">Huahine, Polinezja Francuska<\/a><\/li>\n<li><a href=\"?p=2179\">Rangiroa, Polinezja Francuska<\/a><\/li>\n<li><a href=\"?p=2263\">Teuaua, Polinezja Francuska<\/a><\/li>\n<li><a href=\"?p=2155\">Ua Huka, Polinezja Francuska<\/a><\/li>\n<li><a href=\"?p=2127\">Tahuata, Polinezja Francuska<\/a><\/li>\n<li><a href=\"?p=1819\">Fatu Hiva, Polinezja Francuska<\/a><\/li>\n<li><a href=\"?p=2087\">Hiva Oa, Polinezja Francuska<\/a><\/li>\n<li><a href=\"?p=2061\">Ua Pou, Polinezja Francuska<\/a><\/li>\n<li><a href=\"?p=2023\">Nuku Hiva, Polinezja Francuska<\/a><\/li>\n<li><a href=\"?p=1799\">Fakarava, Polinezja Francuska<\/a><\/li>\n<li><a href=\"?p=1974\">Tahaa, Polinezja Francuska<\/a><\/li>\n<li><a href=\"?p=1925\">Maupiti, Polinezja Francuska<\/a><\/li>\n<li><a href=\"?p=1861\">Raiatea, Polinezja Francuska<\/a><\/li>\n<li><a href=\"?p=136\">Assumption, Seszele<\/a><\/li>\n<li><a href=\"?p=549\">Aldabra Atoll, Seszele<\/a><\/li>\n<li><a href=\"?p=1203\">L\u2019Ilot, Seszele<\/a><\/li>\n<li><a href=\"?p=366\">Cosmoledo Atoll, Seszele<\/a><\/li>\n<li><a href=\"?p=423\">Astove, Seszele<\/a><\/li>\n<li><a href=\"?p=437\">St. Pierre, Seszele<\/a><\/li>\n<li><a href=\"?p=458\">Bijoutier, Seszele<\/a><\/li>\n<li><a href=\"?p=211\">Alphonse Atoll, Seszele<\/a><\/li>\n<li><a href=\"?p=535\">Desroches II, Seszele<\/a><\/li>\n<li><a href=\"?p=104\">La Digue II, Seszele<\/a><\/li>\n<li><a href=\"?p=130\">Praslin, Seszele<\/a><\/li>\n<\/ol>\n<h3>2008<\/h3>\n<ol>\n<li><a href=\"?p=44\">Bird Island, Seszele<\/a><\/li>\n<li><a href=\"?p=80\">Desroches I, Seszele<\/a><\/li>\n<li><a href=\"?p=121\">Mah\u00e9 II, Seszele<\/a><\/li>\n<li><a href=\"?p=878\">Wyspa \u015awi\u0119tego Tomasza II, Wyspy \u015aw. Tomasza i Ksi\u0105\u017c\u0119ca<\/a><\/li>\n<li><a href=\"?p=922\">Wyspa Ksi\u0105\u017c\u0119ca, Wyspy \u015aw. Tomasza i Ksi\u0105\u017c\u0119ca<\/a><\/li>\n<li><a href=\"?p=860\">Rolas II, Wyspy \u015aw. Tomasza i Ksi\u0105\u017c\u0119ca<\/a><\/li>\n<li><a href=\"?p=850\">Evangue, Gabon<\/a><\/li>\n<li><a href=\"?p=1212\">Loango, Gabon<\/a><\/li>\n<li><a href=\"?p=810\">Gabon<\/a><\/li>\n<li><a href=\"?p=761\">Ibo, Mozambik<\/a><\/li>\n<li><a href=\"?p=747\">Matemo, Mozambik<\/a><\/li>\n<li><a href=\"?p=691\">Bazaruto, Mozambik<\/a><\/li>\n<li><a href=\"?p=641\">Pemba, Tanzania<\/a><\/li>\n<li><a href=\"?p=1191\">Misali, Tanzania<\/a><\/li>\n<li><a href=\"?p=1395\">Andasdibe, Madagaskar<\/a><\/li>\n<\/ol>\n<h3>2007<\/h3>\n<ol>\n<li><a href=\"?p=1267\">Anjajavy, Madagaskar<\/a><\/li>\n<li><a href=\"?p=1361\">Morondava, Madagaskar<\/a><\/li>\n<li><a href=\"?p=1253\">Aleja Baobab\u00f3w, Madagaskar<\/a><\/li>\n<li><a href=\"?p=1291\">Berenty, Madagaskar<\/a><\/li>\n<li><a href=\"?p=1340\">T\u00f4lanaro, Madagaskar<\/a><\/li>\n<li><a href=\"?p=779\">Madagaskar<\/a><\/li>\n<li><a href=\"?p=1448\">Wyspa Portugalska, Madagaskar<\/a><\/li>\n<li><a href=\"?p=1419\">Tana, Madagaskar<\/a><\/li>\n<li><a href=\"?p=1487\">Kostaryka<\/a><\/li>\n<li><a href=\"?p=1087\">\u00cele des Pins, Nowa Kaledonia<\/a><\/li>\n<li><a href=\"?p=1631\">Nowa Kaledonia<\/a><\/li>\n<li><a href=\"?p=3151\">Wyspa \u015awi\u0119tego Tomasza I, Wyspy \u015aw. Tomasza i Ksi\u0105\u017c\u0119ca<\/a><\/li>\n<li><a href=\"?p=3179\">Rolas I, Wyspy \u015aw. Tomasza i Ksi\u0105\u017c\u0119ca<\/a><\/li>\n<li><a href=\"?p=1624\">Caye Caulker, Belize<\/a><\/li>\n<li><a href=\"?p=1581\">Ambergris Keys, Belize<\/a><\/li>\n<li><a href=\"?p=1539\">Belize<\/a><\/li>\n<\/ol>\n<h3>2006<\/h3>\n<ol>\n<li><a href=\"?p=1524\">Tik\u00e1l, Gwatemala<\/a><\/li>\n<li><a href=\"?p=1717\">Wielki Kajman, Kajmany<\/a><\/li>\n<li><a href=\"?p=1665\">Jamajka<\/a><\/li>\n<\/ol>\n<h3>2005<\/h3>\n<ol>\n<li><a href=\"?p=2479\">Gili Air Island, Indonezja<\/a><\/li>\n<li><a href=\"?p=2496\">Gili Nanggu Island, Indonezja<\/a><\/li>\n<li><a href=\"?p=2442\">Lombok, Indonezja<\/a><\/li>\n<li><a href=\"?p=2528\">Mauritius III<\/a><\/li>\n<li><a href=\"?p=2358\">Zanzibar II, Tanzania<\/a><\/li>\n<li><a href=\"?p=2393\">Fernando de Noronha, Brazylia<\/a><\/li>\n<li><a href=\"?p=2544\">Porto de Galinhas, Brazylia<\/a><\/li>\n<\/ol>\n<h3>2004<\/h3>\n<ol>\n<li><a href=\"?p=1687\">Ngorongoro, Tanzania<\/a><\/li>\n<li><a href=\"?p=2571\">Wyspa Wielkanocna, Chile<\/a><\/li>\n<li><a href=\"?p=2673\">Sandy Hook, Stany Zjednoczone<\/a><\/li>\n<li><a href=\"?p=2298\">Zanzibar I, Tanzania<\/a><\/li>\n<\/ol>\n<h3>2003<\/h3>\n<ol>\n<li><a href=\"?p=1674\">R\u00e9union<\/a><\/li>\n<li><a href=\"?p=2647\">Harbour Island, Bahamy<\/a><\/li>\n<li><a href=\"?p=2625\">Treasure Cay, Bahamy<\/a><\/li>\n<li><a href=\"?p=2634\">Long Island, Bahamy<\/a><\/li>\n<li><a href=\"?p=2688\">Hawana, Kuba<\/a><\/li>\n<li><a href=\"?p=2716\">Cayo Blanco, Kuba<\/a><\/li>\n<li><a href=\"?p=2766\">Langkawi, Malezja<\/a><\/li>\n<li><a href=\"?p=2745\">Koh Lipe, Tajlandia<\/a><\/li>\n<\/ol>\n<h3>2002<\/h3>\n<ol>\n<li><a href=\"?p=2907\">Sri Lanka<\/a><\/li>\n<li><a href=\"?p=2848\">Martynika<\/a><\/li>\n<li><a href=\"?p=2822\">\u015awi\u0119ta \u0141ucja<\/a><\/li>\n<li><a href=\"?p=2836\">Koh Samui, Tajlandia<\/a><\/li>\n<\/ol>\n<h3>2001<\/h3>\n<ol>\n<li><a href=\"?p=3495\">Santo Antao II, Wyspy Zielonego Przyl\u0105dka<\/a><\/li>\n<li><a href=\"?p=2836\">Mauritius II<\/a><\/li>\n<\/ol>\n<h3>2000<\/h3>\n<ol>\n<li><a href=\"?p=2936\">Borneo, Malezja<\/a><\/li>\n<li><a href=\"?p=2968\">Turtle Islands, Malezja<\/a><\/li>\n<li><a href=\"?p=3330\">Fogo, Wyspy Zielonego Przyl\u0105dka<\/a><\/li>\n<li><a href=\"?p=3399\">Santiago, Wyspy Zielonego Przyl\u0105dka<\/a><\/li>\n<li><a href=\"?p=3415\">Santo Antao I, Wyspy Zielonego Przyl\u0105dka<\/a><\/li>\n<li><a href=\"?p=3464\">Boa Vista, Wyspy Zielonego Przyl\u0105dka<\/a><\/li>\n<li><a href=\"?p=3373\">Sal, Wyspy Zielonego Przyl\u0105dka<\/a><\/li>\n<li><a href=\"?p=3389\">Sao Vicente, Wyspy Zielonego Przyl\u0105dka<\/a><\/li>\n<li><a href=\"?p=3277\">Gwadelupa<\/a><\/li>\n<li><a href=\"?p=3212\">Terre de Haut, Gwadelupa<\/a><\/li>\n<\/ol>\n<h3>1998<\/h3>\n<ol>\n<li><a href=\"?p=2993\">Majotta<\/a><\/li>\n<\/ol>\n<h3>1997<\/h3>\n<ol>\n<li><a href=\"?p=3052\">Bali, Indonezja<\/a><\/li>\n<li><a href=\"?p=3036\">Komodo, Indonezja<\/a><\/li>\n<li><a href=\"?p=3023\">Sumbawa, Indonezja<\/a><\/li>\n<li><a href=\"?p=3265\">Bamboo Island, Phi Phi, Tajlandia<\/a><\/li>\n<li><a href=\"?p=3232\">Ko Phi Phi Don, Tajlandia<\/a><\/li>\n<li><a href=\"?p=3258\">Ko Phi Phi Leh, Tajlandia<\/a><\/li>\n<\/ol>\n<h3>1996<\/h3>\n<ol>\n<li><a href=\"?p=3085\">Aride, Seszele<\/a><\/li>\n<li><a href=\"?p=3090\">Curieuse, Seszele<\/a><\/li>\n<li><a href=\"?p=3100\">La Digue I, Seszele<\/a><\/li>\n<li><a href=\"?p=3111\">Mah\u00e9 I, Seszele<\/a><\/li>\n<li><a href=\"?p=3131\">Praslin, Seszele<\/a><\/li>\n<li><a href=\"?p=3929\">Rodrigues, Mauritius<\/a><\/li>\n<\/ol>\n<h3>1995<\/h3>\n<ol>\n<li><a href=\"?p=3843\">Mauritius I<\/a><\/li>\n<\/ol>\n<h3>1994<\/h3>\n<ol>\n<li><a href=\"?p=3905\">Barbados<\/a><\/li>\n<li><a href=\"?p=3918\">Faial, Azory<\/a><\/li>\n<li>Palm Island, St Vincent &amp; Grenadines<\/li>\n<li><a href=\"?p=3862\">San Miguel, Azory<\/a><\/li>\n<li><a href=\"?p=3874\">Tobago Keys, St Vincent &amp; Grenadines<\/a><\/li>\n<li><a href=\"?p=3869\">Union Island, St Vincent &amp; Grenadines<\/a><\/li>\n<\/ol>\n<h3>1993<\/h3>\n<ol>\n<li><a href=\"?p=3895\">Madera<\/a><\/li>\n<li><a href=\"?p=3901\">Porto Santo, Madera<\/a><\/li>\n<\/ol>\n","protected":false},"excerpt":{"rendered":"<p>2026 Nowa Brytania, Papua Nowa Gwinea Lissenug, Papua Nowa Gwinea 2025 Sokotra Dominika, Wyspy Nawietrzne Gwadelupa Lord Howe, Australia Norfolk, Australia Samarai, Papua Nowa Gwinea Dobu, Papua Nowa Gwinea Wyspy Trobrianda, Papua Nowa Gwinea Wioska Buna, Papua Nowa Gwinea Wioska Mou, Papua Nowa Gwinea Wioska Gingala, Papua Nowa Gwinea 2024 Zanzibar IV, Tanzania Wyspa \u015awi\u0119tej [&hellip;]<\/p>\n","protected":false},"author":1,"featured_media":0,"parent":0,"menu_order":0,"comment_status":"closed","ping_status":"closed","template":"","meta":{"footnotes":""},"class_list":["post-8","page","type-page","status-publish","hentry"],"_links":{"self":[{"href":"https:\/\/www.myislands.pl\/index.php?rest_route=\/wp\/v2\/pages\/8","targetHints":{"allow":["GET"]}}],"collection":[{"href":"https:\/\/www.myislands.pl\/index.php?rest_route=\/wp\/v2\/pages"}],"about":[{"href":"https:\/\/www.myislands.pl\/index.php?rest_route=\/wp\/v2\/types\/page"}],"author":[{"embeddable":true,"href":"https:\/\/www.myislands.pl\/index.php?rest_route=\/wp\/v2\/users\/1"}],"replies":[{"embeddable":true,"href":"https:\/\/www.myislands.pl\/index.php?rest_route=%2Fwp%2Fv2%2Fcomments&post=8"}],"version-history":[{"count":159,"href":"https:\/\/www.myislands.pl\/index.php?rest_route=\/wp\/v2\/pages\/8\/revisions"}],"predecessor-version":[{"id":11402,"href":"https:\/\/www.myislands.pl\/index.php?rest_route=\/wp\/v2\/pages\/8\/revisions\/11402"}],"wp:attachment":[{"href":"https:\/\/www.myislands.pl\/index.php?rest_route=%2Fwp%2Fv2%2Fmedia&parent=8"}],"curies":[{"name":"wp","href":"https:\/\/api.w.org\/{rel}","templated":true}]}}